{"id":1016,"date":"2018-02-19T08:33:39","date_gmt":"2018-02-19T07:33:39","guid":{"rendered":"https:\/\/www.rola-spirits.de\/?post_type=product&#038;p=1016"},"modified":"2018-02-19T08:33:39","modified_gmt":"2018-02-19T07:33:39","slug":"haselnuss-likoer","status":"publish","type":"product","link":"https:\/\/www.rola-spirits.de\/en\/produkt\/haselnuss-likoer\/","title":{"rendered":"Haselnuss Lik\u00f6r"},"content":{"rendered":"<p>Eine milde Lik\u00f6rspezialit\u00e4t mit samtigem Geschmack nach ger\u00f6steten Haseln\u00fcssen und edlem Nougat<\/p>\n<p>Haselnuss Lik\u00f6r 40 %vol. 0,5 L<\/p>\n","protected":false},"excerpt":{"rendered":"<p>Eine milde Lik\u00f6rspezialit\u00e4t mit samtigem Geschmack nach ger\u00f6steten Haseln\u00fcssen und edlem Nougat Haselnuss Lik\u00f6r 40 %vol. 0,5 L<\/p>\n","protected":false},"featured_media":1017,"template":"","meta":[],"product_brand":[],"product_cat":[176,288],"product_tag":[],"class_list":{"0":"post-1016","1":"product","2":"type-product","3":"status-publish","4":"has-post-thumbnail","6":"product_cat-likoer","7":"product_cat-sonstige-likoere","9":"first","10":"instock","11":"taxable","12":"shipping-taxable","13":"product-type-simple"},"_links":{"self":[{"href":"https:\/\/www.rola-spirits.de\/en\/wp-json\/wp\/v2\/product\/1016","targetHints":{"allow":["GET"]}}],"collection":[{"href":"https:\/\/www.rola-spirits.de\/en\/wp-json\/wp\/v2\/product"}],"about":[{"href":"https:\/\/www.rola-spirits.de\/en\/wp-json\/wp\/v2\/types\/product"}],"wp:featuredmedia":[{"embeddable":true,"href":"https:\/\/www.rola-spirits.de\/en\/wp-json\/wp\/v2\/media\/1017"}],"wp:attachment":[{"href":"https:\/\/www.rola-spirits.de\/en\/wp-json\/wp\/v2\/media?parent=1016"}],"wp:term":[{"taxonomy":"product_brand","embeddable":true,"href":"https:\/\/www.rola-spirits.de\/en\/wp-json\/wp\/v2\/product_brand?post=1016"},{"taxonomy":"product_cat","embeddable":true,"href":"https:\/\/www.rola-spirits.de\/en\/wp-json\/wp\/v2\/product_cat?post=1016"},{"taxonomy":"product_tag","embeddable":true,"href":"https:\/\/www.rola-spirits.de\/en\/wp-json\/wp\/v2\/product_tag?post=1016"}],"curies":[{"name":"wp","href":"https:\/\/api.w.org\/{rel}","templated":true}]}}