{"id":1113,"date":"2018-04-26T17:55:38","date_gmt":"2018-04-26T15:55:38","guid":{"rendered":"https:\/\/www.rola-spirits.de\/?post_type=product&#038;p=1113"},"modified":"2021-02-15T14:12:47","modified_gmt":"2021-02-15T13:12:47","slug":"gran-anejo-rum","status":"publish","type":"product","link":"https:\/\/www.rola-spirits.de\/en\/produkt\/gran-anejo-rum\/","title":{"rendered":"Gran A\u00f1ejo Rum"},"content":{"rendered":"<p>Ein Blend verschiedener kubanischer Rums, welche f\u00fcr mindestens 3 Jahre in Eichenholzf\u00e4ssern lagerten, verleihen diesem Rum Noten von getrockneten Fr\u00fcchten, braunem Zucker, N\u00fcssen und einem Hauch von Vanille.<\/p>\n<p>Gran A\u00f1ejo Rum 40 %vol. 0,7 L<\/p>\n","protected":false},"excerpt":{"rendered":"<p>Ein Blend verschiedener kubanischer Rums, welche f\u00fcr mindestens 3 Jahre in Eichenholzf\u00e4ssern lagerten, verleihen diesem Rum Noten von getrockneten Fr\u00fcchten, braunem Zucker, N\u00fcssen und einem Hauch von Vanille. Gran A\u00f1ejo Rum 40 %vol. 0,7 L<\/p>\n","protected":false},"featured_media":1114,"template":"","meta":[],"product_brand":[],"product_cat":[337],"product_tag":[],"class_list":{"0":"post-1113","1":"product","2":"type-product","3":"status-publish","4":"has-post-thumbnail","6":"product_cat-rum","8":"first","9":"instock","10":"taxable","11":"shipping-taxable","12":"product-type-simple"},"_links":{"self":[{"href":"https:\/\/www.rola-spirits.de\/en\/wp-json\/wp\/v2\/product\/1113","targetHints":{"allow":["GET"]}}],"collection":[{"href":"https:\/\/www.rola-spirits.de\/en\/wp-json\/wp\/v2\/product"}],"about":[{"href":"https:\/\/www.rola-spirits.de\/en\/wp-json\/wp\/v2\/types\/product"}],"wp:featuredmedia":[{"embeddable":true,"href":"https:\/\/www.rola-spirits.de\/en\/wp-json\/wp\/v2\/media\/1114"}],"wp:attachment":[{"href":"https:\/\/www.rola-spirits.de\/en\/wp-json\/wp\/v2\/media?parent=1113"}],"wp:term":[{"taxonomy":"product_brand","embeddable":true,"href":"https:\/\/www.rola-spirits.de\/en\/wp-json\/wp\/v2\/product_brand?post=1113"},{"taxonomy":"product_cat","embeddable":true,"href":"https:\/\/www.rola-spirits.de\/en\/wp-json\/wp\/v2\/product_cat?post=1113"},{"taxonomy":"product_tag","embeddable":true,"href":"https:\/\/www.rola-spirits.de\/en\/wp-json\/wp\/v2\/product_tag?post=1113"}],"curies":[{"name":"wp","href":"https:\/\/api.w.org\/{rel}","templated":true}]}}