{"id":1115,"date":"2018-04-26T17:57:20","date_gmt":"2018-04-26T15:57:20","guid":{"rendered":"https:\/\/www.rola-spirits.de\/?post_type=product&#038;p=1115"},"modified":"2019-07-23T16:20:55","modified_gmt":"2019-07-23T14:20:55","slug":"barbados-rum","status":"publish","type":"product","link":"https:\/\/www.rola-spirits.de\/en\/produkt\/barbados-rum\/","title":{"rendered":"Barbados Rum"},"content":{"rendered":"<p>Dieser Barbados Rum reifte f\u00fcr 8 Jahre in ehemaligen Bourbon F\u00e4ssern aus Amerikanischer Wei\u00df-Eiche und wurde anschlie\u00dfend nach Deutschland importiert.\u00a0 Er ist ein Cuv\u00e9e aus traditionellem Column Still- und Pot Still Rum und wird aus Rohrzuckermelasse hergestellt. Ein voller, ausgewogener Rum mit langem, s\u00fc\u00dflich-fruchtigem Nachklang.<\/p>\n<p>Barbados Rum 40 %vol. 0,7 L<\/p>\n","protected":false},"excerpt":{"rendered":"<p>Dieser Barbados Rum reifte f\u00fcr 8 Jahre in ehemaligen Bourbon F\u00e4ssern aus Amerikanischer Wei\u00df-Eiche und wurde anschlie\u00dfend nach Deutschland importiert.\u00a0 Er ist ein Cuv\u00e9e aus traditionellem Column Still- und Pot Still Rum und wird aus Rohrzuckermelasse hergestellt. Ein voller, ausgewogener Rum mit langem, s\u00fc\u00dflich-fruchtigem Nachklang. Barbados Rum 40 %vol. 0,7 L<\/p>\n","protected":false},"featured_media":1486,"template":"","meta":[],"product_brand":[],"product_cat":[337],"product_tag":[],"class_list":{"0":"post-1115","1":"product","2":"type-product","3":"status-publish","4":"has-post-thumbnail","6":"product_cat-rum","8":"first","9":"instock","10":"taxable","11":"shipping-taxable","12":"product-type-simple"},"_links":{"self":[{"href":"https:\/\/www.rola-spirits.de\/en\/wp-json\/wp\/v2\/product\/1115","targetHints":{"allow":["GET"]}}],"collection":[{"href":"https:\/\/www.rola-spirits.de\/en\/wp-json\/wp\/v2\/product"}],"about":[{"href":"https:\/\/www.rola-spirits.de\/en\/wp-json\/wp\/v2\/types\/product"}],"wp:featuredmedia":[{"embeddable":true,"href":"https:\/\/www.rola-spirits.de\/en\/wp-json\/wp\/v2\/media\/1486"}],"wp:attachment":[{"href":"https:\/\/www.rola-spirits.de\/en\/wp-json\/wp\/v2\/media?parent=1115"}],"wp:term":[{"taxonomy":"product_brand","embeddable":true,"href":"https:\/\/www.rola-spirits.de\/en\/wp-json\/wp\/v2\/product_brand?post=1115"},{"taxonomy":"product_cat","embeddable":true,"href":"https:\/\/www.rola-spirits.de\/en\/wp-json\/wp\/v2\/product_cat?post=1115"},{"taxonomy":"product_tag","embeddable":true,"href":"https:\/\/www.rola-spirits.de\/en\/wp-json\/wp\/v2\/product_tag?post=1115"}],"curies":[{"name":"wp","href":"https:\/\/api.w.org\/{rel}","templated":true}]}}