{"id":1121,"date":"2020-09-02T05:10:07","date_gmt":"2020-09-02T03:10:07","guid":{"rendered":"https:\/\/www.rola-spirits.de\/?post_type=product&#038;p=1121"},"modified":"2022-03-24T14:23:19","modified_gmt":"2022-03-24T13:23:19","slug":"echter-rum-steuerrad","status":"publish","type":"product","link":"https:\/\/www.rola-spirits.de\/en\/produkt\/echter-rum-steuerrad\/","title":{"rendered":"Echter Rum Silverstone"},"content":{"rendered":"<p>Silverstone 40 Echter \u00dcbersee Rum hat den exquisiten Duft und das Aroma ausgesuchter tropischer Rum Destillate von h\u00f6chster Qualit\u00e4t und Reife.<\/p>\n<p>Die von unserem erfahrenen Brennmeister zusammengestellten Rum-Destillate wurden aus Zuckerrohr gebrannt und entstammen den verschiedensten Erdteilen, wie z.B. Afrika, Westindische Inseln und der Inselkette der Maskarenen. Anteile von Echtem Jamaica Rum verleihen ihm seine reiche Duftf\u00fclle.<\/p>\n<p>Echter Rum Silverstone 40 %vol. 0,7 L<\/p>\n","protected":false},"excerpt":{"rendered":"<p>Silverstone 40 Echter \u00dcbersee Rum hat den exquisiten Duft und das Aroma ausgesuchter tropischer Rum Destillate von h\u00f6chster Qualit\u00e4t und Reife. Die von unserem erfahrenen Brennmeister zusammengestellten Rum-Destillate wurden aus Zuckerrohr gebrannt und entstammen den verschiedensten Erdteilen, wie z.B. Afrika, Westindische Inseln und der Inselkette der Maskarenen. Anteile von Echtem Jamaica Rum verleihen ihm seine [&hellip;]<\/p>\n","protected":false},"featured_media":1687,"template":"","meta":[],"product_brand":[],"product_cat":[337],"product_tag":[],"class_list":{"0":"post-1121","1":"product","2":"type-product","3":"status-publish","4":"has-post-thumbnail","6":"product_cat-rum","8":"first","9":"instock","10":"taxable","11":"shipping-taxable","12":"product-type-simple"},"_links":{"self":[{"href":"https:\/\/www.rola-spirits.de\/en\/wp-json\/wp\/v2\/product\/1121","targetHints":{"allow":["GET"]}}],"collection":[{"href":"https:\/\/www.rola-spirits.de\/en\/wp-json\/wp\/v2\/product"}],"about":[{"href":"https:\/\/www.rola-spirits.de\/en\/wp-json\/wp\/v2\/types\/product"}],"wp:featuredmedia":[{"embeddable":true,"href":"https:\/\/www.rola-spirits.de\/en\/wp-json\/wp\/v2\/media\/1687"}],"wp:attachment":[{"href":"https:\/\/www.rola-spirits.de\/en\/wp-json\/wp\/v2\/media?parent=1121"}],"wp:term":[{"taxonomy":"product_brand","embeddable":true,"href":"https:\/\/www.rola-spirits.de\/en\/wp-json\/wp\/v2\/product_brand?post=1121"},{"taxonomy":"product_cat","embeddable":true,"href":"https:\/\/www.rola-spirits.de\/en\/wp-json\/wp\/v2\/product_cat?post=1121"},{"taxonomy":"product_tag","embeddable":true,"href":"https:\/\/www.rola-spirits.de\/en\/wp-json\/wp\/v2\/product_tag?post=1121"}],"curies":[{"name":"wp","href":"https:\/\/api.w.org\/{rel}","templated":true}]}}