{"id":1483,"date":"2020-09-02T05:15:10","date_gmt":"2020-09-02T03:15:10","guid":{"rendered":"https:\/\/www.rola-spirits.de\/?post_type=product&#038;p=1483"},"modified":"2021-02-15T11:30:20","modified_gmt":"2021-02-15T10:30:20","slug":"echter-rum-steuerrad-54","status":"publish","type":"product","link":"https:\/\/www.rola-spirits.de\/en\/produkt\/echter-rum-steuerrad-54\/","title":{"rendered":"Echter Rum Silverstone"},"content":{"rendered":"<p>Silverstone 54 Echter \u00dcbersee Rum hat den exquisiten Duft und das Aroma ausgesuchter tropischer Rum Destillate von h\u00f6chster Qualit\u00e4t und Reife.<\/p>\n<p>Die von unserem erfahrenen Brennmeister zusammengestellten Rum-Destillate wurden aus Zuckerrohr gebrannt und entstammen den verschiedensten Erdteilen, wie z.B. Afrika, Westindische Inseln und der Inselkette der Maskarenen. Anteile von Echtem Jamaica Rum verleihen ihm sein seine reiche Duftf\u00fclle.<\/p>\n<p>Echter Rum Silverstone 54 %vol. 0,7 L<\/p>\n","protected":false},"excerpt":{"rendered":"<p>Silverstone 54 Echter \u00dcbersee Rum hat den exquisiten Duft und das Aroma ausgesuchter tropischer Rum Destillate von h\u00f6chster Qualit\u00e4t und Reife. Die von unserem erfahrenen Brennmeister zusammengestellten Rum-Destillate wurden aus Zuckerrohr gebrannt und entstammen den verschiedensten Erdteilen, wie z.B. Afrika, Westindische Inseln und der Inselkette der Maskarenen. Anteile von Echtem Jamaica Rum verleihen ihm sein [&hellip;]<\/p>\n","protected":false},"featured_media":1689,"template":"","meta":[],"product_brand":[],"product_cat":[337],"product_tag":[],"class_list":{"0":"post-1483","1":"product","2":"type-product","3":"status-publish","4":"has-post-thumbnail","6":"product_cat-rum","8":"first","9":"instock","10":"taxable","11":"shipping-taxable","12":"product-type-simple"},"_links":{"self":[{"href":"https:\/\/www.rola-spirits.de\/en\/wp-json\/wp\/v2\/product\/1483","targetHints":{"allow":["GET"]}}],"collection":[{"href":"https:\/\/www.rola-spirits.de\/en\/wp-json\/wp\/v2\/product"}],"about":[{"href":"https:\/\/www.rola-spirits.de\/en\/wp-json\/wp\/v2\/types\/product"}],"wp:featuredmedia":[{"embeddable":true,"href":"https:\/\/www.rola-spirits.de\/en\/wp-json\/wp\/v2\/media\/1689"}],"wp:attachment":[{"href":"https:\/\/www.rola-spirits.de\/en\/wp-json\/wp\/v2\/media?parent=1483"}],"wp:term":[{"taxonomy":"product_brand","embeddable":true,"href":"https:\/\/www.rola-spirits.de\/en\/wp-json\/wp\/v2\/product_brand?post=1483"},{"taxonomy":"product_cat","embeddable":true,"href":"https:\/\/www.rola-spirits.de\/en\/wp-json\/wp\/v2\/product_cat?post=1483"},{"taxonomy":"product_tag","embeddable":true,"href":"https:\/\/www.rola-spirits.de\/en\/wp-json\/wp\/v2\/product_tag?post=1483"}],"curies":[{"name":"wp","href":"https:\/\/api.w.org\/{rel}","templated":true}]}}