{"id":1703,"date":"2020-09-02T07:19:06","date_gmt":"2020-09-02T05:19:06","guid":{"rendered":"https:\/\/www.rola-spirits.de\/?post_type=product&#038;p=1703"},"modified":"2020-09-02T07:19:06","modified_gmt":"2020-09-02T05:19:06","slug":"veganer-likoer-bastei","status":"publish","type":"product","link":"https:\/\/www.rola-spirits.de\/en\/produkt\/veganer-likoer-bastei\/","title":{"rendered":"Veganer Lik\u00f6r Bastei"},"content":{"rendered":"<p>Der Klassiker von Oma &#8211; aber ohne Eier. Eine vegane Lik\u00f6rspezialit\u00e4t von Bastei.<\/p>\n<p>veganer Lik\u00f6r Bastei \u2013ohne Eier 17 %vol. 0,7 L<\/p>\n","protected":false},"excerpt":{"rendered":"<p>Der Klassiker von Oma &#8211; aber ohne Eier. Eine vegane Lik\u00f6rspezialit\u00e4t von Bastei. veganer Lik\u00f6r Bastei \u2013ohne Eier 17 %vol. 0,7 L<\/p>\n","protected":false},"featured_media":1704,"template":"","meta":[],"product_brand":[],"product_cat":[288],"product_tag":[],"class_list":{"0":"post-1703","1":"product","2":"type-product","3":"status-publish","4":"has-post-thumbnail","6":"product_cat-sonstige-likoere","8":"first","9":"instock","10":"taxable","11":"shipping-taxable","12":"product-type-simple"},"_links":{"self":[{"href":"https:\/\/www.rola-spirits.de\/en\/wp-json\/wp\/v2\/product\/1703","targetHints":{"allow":["GET"]}}],"collection":[{"href":"https:\/\/www.rola-spirits.de\/en\/wp-json\/wp\/v2\/product"}],"about":[{"href":"https:\/\/www.rola-spirits.de\/en\/wp-json\/wp\/v2\/types\/product"}],"wp:featuredmedia":[{"embeddable":true,"href":"https:\/\/www.rola-spirits.de\/en\/wp-json\/wp\/v2\/media\/1704"}],"wp:attachment":[{"href":"https:\/\/www.rola-spirits.de\/en\/wp-json\/wp\/v2\/media?parent=1703"}],"wp:term":[{"taxonomy":"product_brand","embeddable":true,"href":"https:\/\/www.rola-spirits.de\/en\/wp-json\/wp\/v2\/product_brand?post=1703"},{"taxonomy":"product_cat","embeddable":true,"href":"https:\/\/www.rola-spirits.de\/en\/wp-json\/wp\/v2\/product_cat?post=1703"},{"taxonomy":"product_tag","embeddable":true,"href":"https:\/\/www.rola-spirits.de\/en\/wp-json\/wp\/v2\/product_tag?post=1703"}],"curies":[{"name":"wp","href":"https:\/\/api.w.org\/{rel}","templated":true}]}}