{"id":859,"date":"2018-02-08T23:02:09","date_gmt":"2018-02-08T22:02:09","guid":{"rendered":"https:\/\/www.rola-spirits.de\/?post_type=product&#038;p=859"},"modified":"2018-02-09T07:41:33","modified_gmt":"2018-02-09T06:41:33","slug":"weinbergpfirsichlikoer","status":"publish","type":"product","link":"https:\/\/www.rola-spirits.de\/en\/produkt\/weinbergpfirsichlikoer\/","title":{"rendered":"Weinbergpfirsichlik\u00f6r"},"content":{"rendered":"<p>Weinberg-Pfirsichlik\u00f6r ist eine au\u00dfergew\u00f6hnlich fruchtige Lik\u00f6rspezialit\u00e4t mit einem Saftgehalt von 45 %, Ausz\u00fcgen und Destillaten aus dem Weinbergpfirsich.<\/p>\n<p>Weinbergpfirsichlik\u00f6r 18 %vol. 0,5 L<\/p>\n","protected":false},"excerpt":{"rendered":"<p>Weinberg-Pfirsichlik\u00f6r ist eine au\u00dfergew\u00f6hnlich fruchtige Lik\u00f6rspezialit\u00e4t mit einem Saftgehalt von 45 %, Ausz\u00fcgen und Destillaten aus dem Weinbergpfirsich. Weinbergpfirsichlik\u00f6r 18 %vol. 0,5 L<\/p>\n","protected":false},"featured_media":860,"template":"","meta":[],"product_brand":[],"product_cat":[240,176],"product_tag":[247],"class_list":{"0":"post-859","1":"product","2":"type-product","3":"status-publish","4":"has-post-thumbnail","6":"product_cat-fruchtlikoer","7":"product_cat-likoer","8":"product_tag-weinbergpfirsich","10":"first","11":"instock","12":"taxable","13":"shipping-taxable","14":"product-type-simple"},"_links":{"self":[{"href":"https:\/\/www.rola-spirits.de\/en\/wp-json\/wp\/v2\/product\/859","targetHints":{"allow":["GET"]}}],"collection":[{"href":"https:\/\/www.rola-spirits.de\/en\/wp-json\/wp\/v2\/product"}],"about":[{"href":"https:\/\/www.rola-spirits.de\/en\/wp-json\/wp\/v2\/types\/product"}],"wp:featuredmedia":[{"embeddable":true,"href":"https:\/\/www.rola-spirits.de\/en\/wp-json\/wp\/v2\/media\/860"}],"wp:attachment":[{"href":"https:\/\/www.rola-spirits.de\/en\/wp-json\/wp\/v2\/media?parent=859"}],"wp:term":[{"taxonomy":"product_brand","embeddable":true,"href":"https:\/\/www.rola-spirits.de\/en\/wp-json\/wp\/v2\/product_brand?post=859"},{"taxonomy":"product_cat","embeddable":true,"href":"https:\/\/www.rola-spirits.de\/en\/wp-json\/wp\/v2\/product_cat?post=859"},{"taxonomy":"product_tag","embeddable":true,"href":"https:\/\/www.rola-spirits.de\/en\/wp-json\/wp\/v2\/product_tag?post=859"}],"curies":[{"name":"wp","href":"https:\/\/api.w.org\/{rel}","templated":true}]}}